{"id":4135,"date":"2018-01-19T09:09:21","date_gmt":"2018-01-19T08:09:21","guid":{"rendered":"http:\/\/ww3.jerolewitz.de\/ringelheim\/?page_id=4135"},"modified":"2018-02-25T21:17:04","modified_gmt":"2018-02-25T20:17:04","slug":"wir-ueber-uns","status":"publish","type":"page","link":"https:\/\/ww3.jerolewitz.de\/ringelheim\/wir-ueber-uns\/","title":{"rendered":"Wir \u00fcber uns"},"content":{"rendered":"<p>[et_pb_section admin_label=&#8220;section&#8220; background_color=&#8220;#273b56&#8243; inner_shadow=&#8220;on&#8220; fullwidth=&#8220;on&#8220; transparent_background=&#8220;off&#8220; allow_player_pause=&#8220;off&#8220; parallax=&#8220;off&#8220; parallax_method=&#8220;off&#8220; padding_mobile=&#8220;off&#8220; make_fullwidth=&#8220;off&#8220; use_custom_width=&#8220;off&#8220; width_unit=&#8220;on&#8220; make_equal=&#8220;off&#8220; use_custom_gutter=&#8220;off&#8220;][et_pb_fullwidth_header admin_label=&#8220;Vollbreite Kopfzeile&#8220; title=&#8220;Wir \u00fcber uns&#8220; subhead=&#8220;Handgemachte Musik mit Texten die man versteht.&#8220; background_layout=&#8220;dark&#8220; text_orientation=&#8220;left&#8220; header_fullscreen=&#8220;off&#8220; header_scroll_down=&#8220;off&#8220; background_color=&#8220;rgba(255,255,255,0)&#8220; parallax=&#8220;off&#8220; parallax_method=&#8220;off&#8220; content_orientation=&#8220;center&#8220; image_orientation=&#8220;center&#8220; custom_button_one=&#8220;off&#8220; button_one_letter_spacing=&#8220;0&#8243; button_one_use_icon=&#8220;default&#8220; button_one_icon_placement=&#8220;right&#8220; button_one_on_hover=&#8220;on&#8220; button_one_letter_spacing_hover=&#8220;0&#8243; custom_button_two=&#8220;off&#8220; button_two_letter_spacing=&#8220;0&#8243; button_two_use_icon=&#8220;default&#8220; button_two_icon_placement=&#8220;right&#8220; button_two_on_hover=&#8220;on&#8220; button_two_letter_spacing_hover=&#8220;0&#8243;]<\/p>\n<p>&nbsp;<\/p>\n<p>[\/et_pb_fullwidth_header][\/et_pb_section][et_pb_section admin_label=&#8220;section&#8220;][et_pb_row admin_label=&#8220;row&#8220;][et_pb_column type=&#8220;4_4&#8243;][et_pb_text admin_label=&#8220;Text&#8220; text_orientation=&#8220;center&#8220; background_layout=&#8220;light&#8220; use_border_color=&#8220;off&#8220; border_color=&#8220;#ffffff&#8220; border_style=&#8220;solid&#8220;]<\/p>\n<p>&nbsp;<\/p>\n<p>[\/et_pb_text][\/et_pb_column][\/et_pb_row][et_pb_row admin_label=&#8220;row&#8220;][et_pb_column type=&#8220;1_3&#8243;][et_pb_image admin_label=&#8220;Bild&#8220; src=&#8220;http:\/\/ww3.jerolewitz.de\/ringelheim\/wp-content\/uploads\/sites\/6\/2017\/11\/Ringelheim_02_480x320.png&#8220; show_in_lightbox=&#8220;off&#8220; url_new_window=&#8220;off&#8220; use_overlay=&#8220;off&#8220; animation=&#8220;left&#8220; sticky=&#8220;off&#8220; align=&#8220;left&#8220; force_fullwidth=&#8220;off&#8220; always_center_on_mobile=&#8220;on&#8220; use_border_color=&#8220;off&#8220; border_color=&#8220;#ffffff&#8220; border_style=&#8220;solid&#8220;]<\/p>\n<p>&nbsp;<\/p>\n<p>[\/et_pb_image][\/et_pb_column][et_pb_column type=&#8220;2_3&#8243;][et_pb_blurb admin_label=&#8220;Informationstext&#8220; url_new_window=&#8220;off&#8220; use_icon=&#8220;off&#8220; icon_color=&#8220;#446d8c&#8220; use_circle=&#8220;off&#8220; circle_color=&#8220;#446d8c&#8220; use_circle_border=&#8220;off&#8220; circle_border_color=&#8220;#446d8c&#8220; icon_placement=&#8220;top&#8220; animation=&#8220;top&#8220; background_layout=&#8220;light&#8220; text_orientation=&#8220;left&#8220; use_icon_font_size=&#8220;off&#8220; use_border_color=&#8220;off&#8220; border_color=&#8220;#ffffff&#8220; border_style=&#8220;solid&#8220;]<\/p>\n<h2>Lerne uns kennen&#8230;<\/h2>\n<p>Ringelheim sind gut ein halbes Dutzend Amateurmusiker, die Rockmusik mit deutschen Texten zum besten geben sowie &#8211; fernab vom &#8222;Schlagerged\u00f6ns&#8220; und &#8222;Schwermetallhaudrauf&#8220; &#8211; entspannt und mit Lust Musik machen wollen.<\/p>\n<p>Gegr\u00fcndet wurde Ringelheim im Herbst 2017 in Heyersum, einem kleinen Ort in der Gemeinde Nordstemmen. Einige Bandkollegen sind auch in anderen Projekten erfolgreich unterwegs und sehen Ringelheim als eine sch\u00f6ne Herausforderung an.<\/p>\n<p>[\/et_pb_blurb][\/et_pb_column][\/et_pb_row][\/et_pb_section][et_pb_section admin_label=&#8220;section&#8220; background_color=&#8220;#273b56&#8243; inner_shadow=&#8220;on&#8220; fullwidth=&#8220;on&#8220; transparent_background=&#8220;off&#8220; allow_player_pause=&#8220;off&#8220; parallax=&#8220;off&#8220; parallax_method=&#8220;off&#8220; padding_mobile=&#8220;off&#8220; make_fullwidth=&#8220;off&#8220; use_custom_width=&#8220;off&#8220; width_unit=&#8220;on&#8220; make_equal=&#8220;off&#8220; use_custom_gutter=&#8220;off&#8220;][et_pb_fullwidth_header admin_label=&#8220;Vollbreite Kopfzeile&#8220; title=&#8220;Wir sind Ringelheim&#8220; subhead=&#8220;Die Personen hinter Ringelheim&#8220; background_layout=&#8220;dark&#8220; text_orientation=&#8220;left&#8220; header_fullscreen=&#8220;off&#8220; header_scroll_down=&#8220;off&#8220; background_color=&#8220;rgba(255,255,255,0)&#8220; parallax=&#8220;off&#8220; parallax_method=&#8220;off&#8220; content_orientation=&#8220;center&#8220; image_orientation=&#8220;center&#8220; custom_button_one=&#8220;off&#8220; button_one_letter_spacing=&#8220;0&#8243; button_one_use_icon=&#8220;default&#8220; button_one_icon_placement=&#8220;right&#8220; button_one_on_hover=&#8220;on&#8220; button_one_letter_spacing_hover=&#8220;0&#8243; custom_button_two=&#8220;off&#8220; button_two_letter_spacing=&#8220;0&#8243; button_two_use_icon=&#8220;default&#8220; button_two_icon_placement=&#8220;right&#8220; button_two_on_hover=&#8220;on&#8220; button_two_letter_spacing_hover=&#8220;0&#8243;]<\/p>\n<p>&nbsp;<\/p>\n<p>[\/et_pb_fullwidth_header][\/et_pb_section][et_pb_section admin_label=&#8220;section&#8220;][et_pb_row admin_label=&#8220;row&#8220;][et_pb_column type=&#8220;1_3&#8243;][et_pb_image admin_label=&#8220;Bild&#8220; src=&#8220;http:\/\/ww3.jerolewitz.de\/ringelheim\/wp-content\/uploads\/sites\/6\/2017\/11\/Ringelheim_03_320x480.png&#8220; animation=&#8220;left&#8220; show_in_lightbox=&#8220;off&#8220; url_new_window=&#8220;off&#8220; use_overlay=&#8220;off&#8220; sticky=&#8220;off&#8220; align=&#8220;left&#8220; force_fullwidth=&#8220;off&#8220; always_center_on_mobile=&#8220;on&#8220; use_border_color=&#8220;off&#8220; border_color=&#8220;#ffffff&#8220; border_style=&#8220;solid&#8220;]<\/p>\n<p>&nbsp;<\/p>\n<p>[\/et_pb_image][et_pb_text admin_label=&#8220;Text&#8220; background_layout=&#8220;light&#8220; text_orientation=&#8220;left&#8220; use_border_color=&#8220;off&#8220; border_color=&#8220;#ffffff&#8220; border_style=&#8220;solid&#8220;]<\/p>\n<h2>Carsten Sch\u00f6nijahn<\/h2>\n<p><em>Gesang und Klopfsachen<\/em><br \/>\nCarsten ist die Stimme von Ringelheim. Neben dem Gesang spielt er noch alle erdenklichen Percussion-Instrumente. Als Motor treibt er seine Bandkollegen nach vorne. Carsten k\u00fcmmert sich bei Ringelheim um die Auftritte.<\/p>\n<p>[\/et_pb_text][\/et_pb_column][et_pb_column type=&#8220;1_3&#8243;][et_pb_image admin_label=&#8220;Bild&#8220; src=&#8220;http:\/\/ww3.jerolewitz.de\/ringelheim\/wp-content\/uploads\/sites\/6\/simple_photo_gallery\/1\/DSC_0346.jpg&#8220; animation=&#8220;top&#8220; show_in_lightbox=&#8220;off&#8220; url_new_window=&#8220;off&#8220; use_overlay=&#8220;off&#8220; sticky=&#8220;off&#8220; align=&#8220;left&#8220; force_fullwidth=&#8220;off&#8220; always_center_on_mobile=&#8220;on&#8220; use_border_color=&#8220;off&#8220; border_color=&#8220;#ffffff&#8220; border_style=&#8220;solid&#8220;]<\/p>\n<p>&nbsp;<\/p>\n<p>[\/et_pb_image][et_pb_text admin_label=&#8220;Text&#8220; background_layout=&#8220;light&#8220; text_orientation=&#8220;left&#8220; use_border_color=&#8220;off&#8220; border_color=&#8220;#ffffff&#8220; border_style=&#8220;solid&#8220;]<\/p>\n<h2>Harry Marquard<\/h2>\n<p><em>Schlagzeug und Gesang<\/em><br \/>\nViele Jahre war Harry der S\u00e4nger der Harsumer Band &#8222;Die H\u00e4rtef\u00e4lle&#8220;. Nach deren Aufl\u00f6sung war es einige Zeit still im musikalischen Leben von Harry. Mit Ringelheim hat er wieder den Weg zur\u00fcck zum Schlagzeug gefunden.<\/p>\n<p>[\/et_pb_text][\/et_pb_column][et_pb_column type=&#8220;1_3&#8243;][et_pb_image admin_label=&#8220;Bild&#8220; src=&#8220;http:\/\/ww3.jerolewitz.de\/ringelheim\/wp-content\/uploads\/sites\/6\/2018\/01\/Josef_400x600.jpg&#8220; animation=&#8220;right&#8220; show_in_lightbox=&#8220;off&#8220; url_new_window=&#8220;off&#8220; use_overlay=&#8220;off&#8220; sticky=&#8220;off&#8220; align=&#8220;left&#8220; force_fullwidth=&#8220;off&#8220; always_center_on_mobile=&#8220;on&#8220; use_border_color=&#8220;off&#8220; border_color=&#8220;#ffffff&#8220; border_style=&#8220;solid&#8220;]<\/p>\n<p>&nbsp;<\/p>\n<p>[\/et_pb_image][et_pb_text admin_label=&#8220;Text&#8220; background_layout=&#8220;light&#8220; text_orientation=&#8220;left&#8220; use_border_color=&#8220;off&#8220; border_color=&#8220;#ffffff&#8220; border_style=&#8220;solid&#8220;]<\/p>\n<h2>Josef Gross<\/h2>\n<p><em>Bassgitarre und Gesang<\/em><br \/>\nJosef ist neben Ringelheim noch bei der Nordstemmer Band &#8222;The Sugarbeets&#8220; aktiv und singt dort und spielt Gitarre. Viele Jahre war er zusammen mit Harry das musikalische R\u00fcckgrat der Harsumer Band &#8222;Die H\u00e4rtef\u00e4lle&#8220;. Bei Ringelheim ist er wieder an seinem angestammten Platz der Bassgitarre zu finden.<\/p>\n<p>[\/et_pb_text][\/et_pb_column][\/et_pb_row][et_pb_row admin_label=&#8220;Zeile&#8220;][et_pb_column type=&#8220;1_3&#8243;][et_pb_image admin_label=&#8220;Bild&#8220; src=&#8220;http:\/\/ww3.jerolewitz.de\/ringelheim\/wp-content\/uploads\/sites\/6\/2018\/01\/Ralf3_400x600.jpg&#8220; animation=&#8220;left&#8220; show_in_lightbox=&#8220;off&#8220; url_new_window=&#8220;off&#8220; use_overlay=&#8220;off&#8220; sticky=&#8220;off&#8220; align=&#8220;left&#8220; force_fullwidth=&#8220;off&#8220; always_center_on_mobile=&#8220;on&#8220; use_border_color=&#8220;off&#8220; border_color=&#8220;#ffffff&#8220; border_style=&#8220;solid&#8220;]<\/p>\n<p>&nbsp;<\/p>\n<p>[\/et_pb_image][et_pb_text admin_label=&#8220;Text&#8220; background_layout=&#8220;light&#8220; text_orientation=&#8220;left&#8220; use_border_color=&#8220;off&#8220; border_color=&#8220;#ffffff&#8220; border_style=&#8220;solid&#8220;]<\/p>\n<h2>Ralf Jerolewitz<\/h2>\n<p><em>Gitarre und Gesang<\/em><br \/>\nRalf legte zusammen mit Stephan bei einem k\u00fchlen Glas Alsterwasser auf der heimischen Terrasse den Grundstein f\u00fcr Ringelheim.<br \/>\nRalf ist auch Gr\u00fcndungsmitglied der Nordstemmer Band &#8222;The Sugarbeets&#8220;. Er singt und spielt Gitarre und bedient nebenbei auch noch die einen oder anderen Tasteninstrumente.<\/p>\n<p>[\/et_pb_text][\/et_pb_column][et_pb_column type=&#8220;1_3&#8243;][et_pb_image admin_label=&#8220;Bild&#8220; src=&#8220;http:\/\/ww3.jerolewitz.de\/ringelheim\/wp-content\/uploads\/sites\/6\/2018\/01\/Stephan2_400x600.jpg&#8220; animation=&#8220;left&#8220; show_in_lightbox=&#8220;off&#8220; url_new_window=&#8220;off&#8220; use_overlay=&#8220;off&#8220; sticky=&#8220;off&#8220; align=&#8220;left&#8220; force_fullwidth=&#8220;off&#8220; always_center_on_mobile=&#8220;on&#8220; use_border_color=&#8220;off&#8220; border_color=&#8220;#ffffff&#8220; border_style=&#8220;solid&#8220;]<\/p>\n<p>&nbsp;<\/p>\n<p>[\/et_pb_image][et_pb_text admin_label=&#8220;Text&#8220; background_layout=&#8220;light&#8220; text_orientation=&#8220;left&#8220; use_border_color=&#8220;off&#8220; border_color=&#8220;#ffffff&#8220; border_style=&#8220;solid&#8220;]<\/p>\n<h2>Stephan Winkler<\/h2>\n<p><em>Saxophon, Querfl\u00f6te und Gesang<\/em><br \/>\nStephan\u00a0hob auf der heimischen Terrasse zusammen mit Ralf Ringelheim aus der Taufe.<br \/>\nStephan ist ein sehr erfahrener Musiker, der \u00fcber eine fundierte Ausbildung auf seinem Instrument verf\u00fcgt. Stephan ist an mehreren musikalischen Projekten beteiligt. Unter anderem ist er Mitglied bei der Nordstemmen Band &#8222;Kreuz und Quer&#8220;. Stephan spielt alle erdenklichen Blasinstrumente; dazu geh\u00f6ren neben Alt-, Tenor- und Bariton-Saxophon auch Querfl\u00f6te. Musikalisch begann aber alles vor vierzig Jahren bei einer Old Time Jazzband am Schlagzeug. Von da aus mit Talent und Flei\u00df zum Sax!<\/p>\n<p>[\/et_pb_text][\/et_pb_column][et_pb_column type=&#8220;1_3&#8243;][et_pb_image admin_label=&#8220;Bild&#8220; src=&#8220;http:\/\/ww3.jerolewitz.de\/ringelheim\/wp-content\/uploads\/sites\/6\/2018\/01\/Ulla2_400x600.jpg&#8220; animation=&#8220;left&#8220; show_in_lightbox=&#8220;off&#8220; url_new_window=&#8220;off&#8220; use_overlay=&#8220;off&#8220; sticky=&#8220;off&#8220; align=&#8220;left&#8220; force_fullwidth=&#8220;off&#8220; always_center_on_mobile=&#8220;on&#8220; use_border_color=&#8220;off&#8220; border_color=&#8220;#ffffff&#8220; border_style=&#8220;solid&#8220;]<\/p>\n<p>&nbsp;<\/p>\n<p>[\/et_pb_image][et_pb_text admin_label=&#8220;Text&#8220; background_layout=&#8220;light&#8220; text_orientation=&#8220;left&#8220; use_border_color=&#8220;off&#8220; border_color=&#8220;#ffffff&#8220; border_style=&#8220;solid&#8220;]<\/p>\n<h2>Ulla Mann<\/h2>\n<p><i>Tasteninstrumente und Gesang<\/i><br \/>\nUlla ist eine vielbesch\u00e4ftigte Musikerin im Raum Hildesheim. Neben Ringelheim spielt sie noch Tasteninstrumente bei der zum Trio zusammen geschrumpften Combo &#8222;No Four&#8220;. Als S\u00e4ngerin und Pianistin ist sie in diversen Formationen und Genres unterwegs. Dazu geh\u00f6rt auch die Bigband Burgdorf, in der sie neben dem Gesang aber haupts\u00e4chlich Klavier spielt.<\/p>\n<p>[\/et_pb_text][\/et_pb_column][\/et_pb_row][\/et_pb_section][et_pb_section admin_label=&#8220;section&#8220; background_color=&#8220;#2d3743&#8243; inner_shadow=&#8220;on&#8220;][et_pb_row admin_label=&#8220;row&#8220;][et_pb_column type=&#8220;1_4&#8243;][et_pb_blurb admin_label=&#8220;Informationstext&#8220; background_layout=&#8220;dark&#8220; image=&#8220;http:\/\/www.elegantthemesimages.com\/images\/premade_blurb_5.png&#8220; title=&#8220;Zeitlicher Bezug&#8220; url_new_window=&#8220;off&#8220; use_icon=&#8220;off&#8220; icon_color=&#8220;#446d8c&#8220; use_circle=&#8220;off&#8220; circle_color=&#8220;#446d8c&#8220; use_circle_border=&#8220;off&#8220; circle_border_color=&#8220;#446d8c&#8220; icon_placement=&#8220;top&#8220; animation=&#8220;top&#8220; text_orientation=&#8220;left&#8220; use_icon_font_size=&#8220;off&#8220; use_border_color=&#8220;off&#8220; border_color=&#8220;#ffffff&#8220; border_style=&#8220;solid&#8220;]<\/p>\n<p>Deutsche Rockklassiker der 70er, 80er und 90er sowie das beste aus unserem Jahrhundert!<\/p>\n<p>[\/et_pb_blurb][\/et_pb_column][et_pb_column type=&#8220;1_4&#8243;][et_pb_blurb admin_label=&#8220;Informationstext&#8220; background_layout=&#8220;dark&#8220; image=&#8220;http:\/\/www.elegantthemesimages.com\/images\/premade_blurb_6.png&#8220; title=&#8220;Innovation&#8220; url_new_window=&#8220;off&#8220; use_icon=&#8220;off&#8220; icon_color=&#8220;#446d8c&#8220; use_circle=&#8220;off&#8220; circle_color=&#8220;#446d8c&#8220; use_circle_border=&#8220;off&#8220; circle_border_color=&#8220;#446d8c&#8220; icon_placement=&#8220;top&#8220; animation=&#8220;top&#8220; text_orientation=&#8220;left&#8220; use_icon_font_size=&#8220;off&#8220; use_border_color=&#8220;off&#8220; border_color=&#8220;#ffffff&#8220; border_style=&#8220;solid&#8220;]<\/p>\n<p>Wir wollen uns etwas abheben von den vielen Klassik-Rockbands unserer Umgebung.<\/p>\n<p>[\/et_pb_blurb][\/et_pb_column][et_pb_column type=&#8220;1_4&#8243;][et_pb_blurb admin_label=&#8220;Informationstext&#8220; background_layout=&#8220;dark&#8220; image=&#8220;http:\/\/www.elegantthemesimages.com\/images\/premade_blurb_7.png&#8220; title=&#8220;Moderne Technik&#8220; url_new_window=&#8220;off&#8220; use_icon=&#8220;off&#8220; icon_color=&#8220;#446d8c&#8220; use_circle=&#8220;off&#8220; circle_color=&#8220;#446d8c&#8220; use_circle_border=&#8220;off&#8220; circle_border_color=&#8220;#446d8c&#8220; icon_placement=&#8220;top&#8220; animation=&#8220;top&#8220; text_orientation=&#8220;left&#8220; use_icon_font_size=&#8220;off&#8220; use_border_color=&#8220;off&#8220; border_color=&#8220;#ffffff&#8220; border_style=&#8220;solid&#8220;]<\/p>\n<p>Wir arbeiten mit aktuellen Technologien im Bereich der B\u00fchnentechnik. Modernes Equipment gedacht f\u00fcr kleine bis mit mittelgro\u00dfe Veranstaltungen.<\/p>\n<p>[\/et_pb_blurb][\/et_pb_column][et_pb_column type=&#8220;1_4&#8243;][et_pb_blurb admin_label=&#8220;Informationstext&#8220; background_layout=&#8220;dark&#8220; image=&#8220;http:\/\/www.elegantthemesimages.com\/images\/premade_blurb_8.png&#8220; title=&#8220;Klare Sprache&#8220; url_new_window=&#8220;off&#8220; use_icon=&#8220;off&#8220; icon_color=&#8220;#446d8c&#8220; use_circle=&#8220;off&#8220; circle_color=&#8220;#446d8c&#8220; use_circle_border=&#8220;off&#8220; circle_border_color=&#8220;#446d8c&#8220; icon_placement=&#8220;top&#8220; animation=&#8220;top&#8220; text_orientation=&#8220;left&#8220; use_icon_font_size=&#8220;off&#8220; use_border_color=&#8220;off&#8220; border_color=&#8220;#ffffff&#8220; border_style=&#8220;solid&#8220;]<\/p>\n<p>Wir machen Rockmusik mit \u00fcberwiegend anspruchsvollen deutschen Texten.<\/p>\n<p>[\/et_pb_blurb][\/et_pb_column][\/et_pb_row][\/et_pb_section][et_pb_section admin_label=&#8220;section&#8220; background_color=&#8220;#f5f5f5&#8243; inner_shadow=&#8220;on&#8220;][et_pb_row admin_label=&#8220;row&#8220;][et_pb_column type=&#8220;4_4&#8243;][et_pb_text admin_label=&#8220;Text&#8220; text_orientation=&#8220;center&#8220; background_layout=&#8220;light&#8220; use_border_color=&#8220;off&#8220; border_color=&#8220;#ffffff&#8220; border_style=&#8220;solid&#8220;]<\/p>\n<h2><span id=\"result_box\" class=\"short_text\" lang=\"de\"><span class=\"\">Letzte Blogeintr\u00e4ge<\/span><\/span><\/h2>\n<p>Informiere dich \u00fcber Ringelheim und lese unsere Beitr\u00e4ge.<\/p>\n<p>[\/et_pb_text][\/et_pb_column][\/et_pb_row][et_pb_row admin_label=&#8220;row&#8220;][et_pb_column type=&#8220;4_4&#8243;][et_pb_blog admin_label=&#8220;Blog&#8220; fullwidth=&#8220;off&#8220; show_pagination=&#8220;off&#8220; posts_number=&#8220;3&#8243; meta_date=&#8220;M j, Y&#8220; show_thumbnail=&#8220;on&#8220; show_content=&#8220;off&#8220; show_author=&#8220;on&#8220; show_date=&#8220;on&#8220; show_categories=&#8220;on&#8220;]<\/p>\n<p>&nbsp;<\/p>\n<p>[\/et_pb_blog][\/et_pb_column][\/et_pb_row][\/et_pb_section][et_pb_section admin_label=&#8220;section&#8220; background_color=&#8220;#233549&#8243; transparent_background=&#8220;off&#8220; allow_player_pause=&#8220;off&#8220; inner_shadow=&#8220;off&#8220; parallax=&#8220;off&#8220; parallax_method=&#8220;off&#8220; padding_mobile=&#8220;off&#8220; make_fullwidth=&#8220;off&#8220; use_custom_width=&#8220;off&#8220; width_unit=&#8220;on&#8220; make_equal=&#8220;off&#8220; use_custom_gutter=&#8220;off&#8220;][et_pb_row admin_label=&#8220;row&#8220;][et_pb_column type=&#8220;4_4&#8243;][et_pb_cta admin_label=&#8220;Handlungsaufruf&#8220; title=&#8220;Keine Scheu und nimm mit uns Kontakt auf!&#8220; button_url=&#8220;http:\/\/ww3.jerolewitz.de\/ringelheim\/kontakt\/&#8220; button_text=&#8220;Kontakt&#8220; background_layout=&#8220;dark&#8220; background_color=&#8220;none&#8220; url_new_window=&#8220;off&#8220; use_background_color=&#8220;on&#8220; text_orientation=&#8220;left&#8220; use_border_color=&#8220;off&#8220; border_color=&#8220;#ffffff&#8220; border_style=&#8220;solid&#8220; custom_button=&#8220;off&#8220; button_letter_spacing=&#8220;0&#8243; button_use_icon=&#8220;default&#8220; button_icon_placement=&#8220;right&#8220; button_on_hover=&#8220;on&#8220; button_letter_spacing_hover=&#8220;0&#8243;]<\/p>\n<p><span id=\"result_box\" class=\"\" lang=\"de\"><span class=\"\">Wenn du interessiert bist, sende uns eine Anfrage und wir melden uns so schnell wie m\u00f6glich bei dir zur\u00fcck!<\/span><\/span><\/p>\n<p>[\/et_pb_cta][\/et_pb_column][\/et_pb_row][\/et_pb_section]<\/p>\n","protected":false},"excerpt":{"rendered":"<p>&nbsp; &nbsp; &nbsp; Lerne uns kennen&#8230; Ringelheim sind gut ein halbes Dutzend Amateurmusiker, die Rockmusik mit deutschen Texten zum besten geben sowie &#8211; fernab vom &#8222;Schlagerged\u00f6ns&#8220; und &#8222;Schwermetallhaudrauf&#8220; &#8211; entspannt und mit Lust Musik machen wollen. Gegr\u00fcndet wurde Ringelheim im Herbst 2017 in Heyersum, einem kleinen Ort in der Gemeinde Nordstemmen. Einige Bandkollegen sind auch [&hellip;]<\/p>\n","protected":false},"author":1,"featured_media":0,"parent":0,"menu_order":0,"comment_status":"closed","ping_status":"closed","template":"","meta":{"_et_pb_use_builder":"on","_et_pb_old_content":"","_et_gb_content_width":"","footnotes":""},"class_list":["post-4135","page","type-page","status-publish","hentry"],"_links":{"self":[{"href":"https:\/\/ww3.jerolewitz.de\/ringelheim\/wp-json\/wp\/v2\/pages\/4135","targetHints":{"allow":["GET"]}}],"collection":[{"href":"https:\/\/ww3.jerolewitz.de\/ringelheim\/wp-json\/wp\/v2\/pages"}],"about":[{"href":"https:\/\/ww3.jerolewitz.de\/ringelheim\/wp-json\/wp\/v2\/types\/page"}],"author":[{"embeddable":true,"href":"https:\/\/ww3.jerolewitz.de\/ringelheim\/wp-json\/wp\/v2\/users\/1"}],"replies":[{"embeddable":true,"href":"https:\/\/ww3.jerolewitz.de\/ringelheim\/wp-json\/wp\/v2\/comments?post=4135"}],"version-history":[{"count":43,"href":"https:\/\/ww3.jerolewitz.de\/ringelheim\/wp-json\/wp\/v2\/pages\/4135\/revisions"}],"predecessor-version":[{"id":4192,"href":"https:\/\/ww3.jerolewitz.de\/ringelheim\/wp-json\/wp\/v2\/pages\/4135\/revisions\/4192"}],"wp:attachment":[{"href":"https:\/\/ww3.jerolewitz.de\/ringelheim\/wp-json\/wp\/v2\/media?parent=4135"}],"curies":[{"name":"wp","href":"https:\/\/api.w.org\/{rel}","templated":true}]}}