{"id":252,"date":"2017-11-03T10:09:39","date_gmt":"2017-11-03T09:09:39","guid":{"rendered":"http:\/\/ww3.jerolewitz.de\/ringelheim\/?page_id=252"},"modified":"2017-11-03T13:24:20","modified_gmt":"2017-11-03T12:24:20","slug":"impressum","status":"publish","type":"page","link":"https:\/\/ww3.jerolewitz.de\/ringelheim\/impressum\/","title":{"rendered":"Impressum"},"content":{"rendered":"<p>[et_pb_section admin_label=&#8220;section&#8220; fullwidth=&#8220;off&#8220; specialty=&#8220;off&#8220; transparent_background=&#8220;off&#8220; background_color=&#8220;#ffffff&#8220; allow_player_pause=&#8220;off&#8220; inner_shadow=&#8220;off&#8220; parallax=&#8220;off&#8220; parallax_method=&#8220;off&#8220;][et_pb_row admin_label=&#8220;row&#8220;][et_pb_column type=&#8220;4_4&#8243;][et_pb_blurb admin_label=&#8220;Informationstext&#8220; title=&#8220;Impressum&#8220; url_new_window=&#8220;off&#8220; use_icon=&#8220;on&#8220; font_icon=&#8220;%%290%%&#8220; icon_color=&#8220;#446d8c&#8220; use_circle=&#8220;off&#8220; circle_color=&#8220;#16a085&#8243; use_circle_border=&#8220;off&#8220; circle_border_color=&#8220;#16a085&#8243; icon_placement=&#8220;top&#8220; animation=&#8220;top&#8220; background_layout=&#8220;light&#8220; text_orientation=&#8220;center&#8220; use_icon_font_size=&#8220;off&#8220; use_border_color=&#8220;off&#8220; border_color=&#8220;#ffffff&#8220; border_style=&#8220;solid&#8220;]<\/p>\n<p><strong><span class=\"frb_features_content\">Ringelheim<\/span><\/strong><\/p>\n<p>c\/o Josef Gross<br \/>\nOststra\u00dfe 26, 31171 Nordstemmen<\/p>\n<p><strong>E-Mail:<\/strong> fragmich [at] ringelheim-musik.de<\/p>\n<p>[\/et_pb_blurb][\/et_pb_column][\/et_pb_row][et_pb_row admin_label=&#8220;row&#8220;][et_pb_column type=&#8220;1_2&#8243;][et_pb_blurb admin_label=&#8220;Informationstext&#8220; title=&#8220;Anbieter&#8220; url=&#8220;#&#8220; url_new_window=&#8220;off&#8220; use_icon=&#8220;on&#8220; font_icon=&#8220;N&#8220; icon_color=&#8220;#446d8c&#8220; use_circle=&#8220;off&#8220; circle_color=&#8220;#16a085&#8243; use_circle_border=&#8220;off&#8220; circle_border_color=&#8220;#16a085&#8243; icon_placement=&#8220;left&#8220; animation=&#8220;top&#8220; background_layout=&#8220;light&#8220; text_orientation=&#8220;center&#8220; use_icon_font_size=&#8220;off&#8220; use_border_color=&#8220;off&#8220; border_color=&#8220;#ffffff&#8220; border_style=&#8220;solid&#8220;]<\/p>\n<p>Jerolewitz EDV Schulung und Beratung<br \/>\nRalf Jerolewitz<br \/>\nSteuernummer: 30\/120\/05112<\/p>\n<p><b>E-Mail:<\/b>\u00a0mail [at] jerolewitz.de<\/p>\n<p><b>Anschrift und Telefon<\/b><\/p>\n<p>Im Riethwinkel 10, 31171 Nordstemmen<br \/>\nTelefon: 05069 96391<br \/>\nTelefax: 05069 96399<\/p>\n<p>[\/et_pb_blurb][et_pb_divider admin_label=&#8220;Teiler&#8220; color=&#8220;#ffffff&#8220; show_divider=&#8220;off&#8220; height=&#8220;1&#8243;] [\/et_pb_divider][\/et_pb_column][et_pb_column type=&#8220;1_2&#8243;][et_pb_blurb admin_label=&#8220;Informationstext&#8220; title=&#8220;Redaktion&#8220; url=&#8220;#&#8220; url_new_window=&#8220;off&#8220; use_icon=&#8220;on&#8220; font_icon=&#8220;N&#8220; icon_color=&#8220;#446d8c&#8220; use_circle=&#8220;off&#8220; circle_color=&#8220;#16a085&#8243; use_circle_border=&#8220;off&#8220; circle_border_color=&#8220;#16a085&#8243; icon_placement=&#8220;left&#8220; animation=&#8220;top&#8220; background_layout=&#8220;light&#8220; text_orientation=&#8220;center&#8220; use_icon_font_size=&#8220;off&#8220; use_border_color=&#8220;off&#8220; border_color=&#8220;#ffffff&#8220; border_style=&#8220;solid&#8220;]<\/p>\n<p>Ralf Jerolewitz<br \/>\nIm Riethwinkel 10<br \/>\n31171 Nordstemmen<\/p>\n<p><strong>Telefon:<\/strong>\u00a0[+49] 5069 96391<br \/>\n<strong>E-Mail:<\/strong> ralf [at] ringelheim-musik.de<\/p>\n<p><strong>Design &amp; Umsetzung:<br \/>\n<\/strong>Jerolewitz EDV, Ralf Jerolewitz<br \/>\nIm Riethwinkel 10, 31171 Nordstemmen,<br \/>\n<a href=\"http:\/\/www.jerolewitz.de\/\" target=\"_blank\" rel=\"noopener\">www.jerolewitz.de<\/a>\u00a0\u2013\u00a0<a href=\"http:\/\/www.jerolewitz.net\/\" target=\"_blank\" rel=\"noopener\">www.jerolewitz.net<\/a>\u00a0\u2013\u00a0<a href=\"http:\/\/www.j-4u.de\/\" target=\"_blank\" rel=\"noopener\">www.j-4u.de.de<\/a><\/p>\n<p><strong>Verwendetes Bildmaterial:<br \/>\n<\/strong>Ralf Jerolewitz \u2013 jerolewitz.de | Archiv Ringelheim<\/p>\n<p>[\/et_pb_blurb][et_pb_divider admin_label=&#8220;Teiler&#8220; color=&#8220;#ffffff&#8220; show_divider=&#8220;off&#8220; height=&#8220;1&#8243;] [\/et_pb_divider][\/et_pb_column][\/et_pb_row][et_pb_row admin_label=&#8220;Zeile&#8220;][et_pb_column type=&#8220;1_2&#8243;][et_pb_blurb admin_label=&#8220;Infotext Haftungseinschr\u00e4nkung&#8220; title=&#8220;Haftungsbeschr\u00e4nkung&#8220; url_new_window=&#8220;off&#8220; use_icon=&#8220;on&#8220; font_icon=&#8220;%%375%%&#8220; icon_color=&#8220;#ffffff&#8220; use_circle=&#8220;on&#8220; circle_color=&#8220;#446d8c&#8220; use_circle_border=&#8220;off&#8220; circle_border_color=&#8220;#000000&#8243; icon_placement=&#8220;top&#8220; animation=&#8220;top&#8220; background_layout=&#8220;light&#8220; text_orientation=&#8220;left&#8220; use_icon_font_size=&#8220;off&#8220; use_border_color=&#8220;off&#8220; border_color=&#8220;#ffffff&#8220; border_style=&#8220;solid&#8220;]<\/p>\n<h1>1<\/h1>\n<p>[\/et_pb_blurb][et_pb_blurb admin_label=&#8220;Infotext Externe Links&#8220; title=&#8220;Externe Links&#8220; url_new_window=&#8220;off&#8220; use_icon=&#8220;on&#8220; font_icon=&#8220;%%375%%&#8220; icon_color=&#8220;#ffffff&#8220; use_circle=&#8220;on&#8220; circle_color=&#8220;#446d8c&#8220; use_circle_border=&#8220;off&#8220; circle_border_color=&#8220;#7EBEC5&#8243; icon_placement=&#8220;top&#8220; animation=&#8220;top&#8220; background_layout=&#8220;light&#8220; text_orientation=&#8220;left&#8220; use_icon_font_size=&#8220;off&#8220; use_border_color=&#8220;off&#8220; border_color=&#8220;#ffffff&#8220; border_style=&#8220;solid&#8220;]<\/p>\n<h1>2<\/h1>\n<p>[\/et_pb_blurb][et_pb_blurb admin_label=&#8220;Infotext Urheber- und Leistungsschutzrechte&#8220; title=&#8220;Urheber- und Leistungsschutzrechte&#8220; url_new_window=&#8220;off&#8220; use_icon=&#8220;on&#8220; font_icon=&#8220;%%375%%&#8220; icon_color=&#8220;#ffffff&#8220; use_circle=&#8220;on&#8220; circle_color=&#8220;#446d8c&#8220; use_circle_border=&#8220;off&#8220; circle_border_color=&#8220;#000000&#8243; icon_placement=&#8220;top&#8220; animation=&#8220;top&#8220; background_layout=&#8220;light&#8220; text_orientation=&#8220;left&#8220; use_icon_font_size=&#8220;off&#8220; use_border_color=&#8220;off&#8220; border_color=&#8220;#ffffff&#8220; border_style=&#8220;solid&#8220;]<\/p>\n<h1>3<\/h1>\n<p>[\/et_pb_blurb][\/et_pb_column][et_pb_column type=&#8220;1_2&#8243;][et_pb_blurb admin_label=&#8220;Text Haftungsbeschr\u00e4nkung&#8220; title=&#8220;1. Haftungsbeschr\u00e4nkung&#8220; url_new_window=&#8220;off&#8220; use_icon=&#8220;off&#8220; icon_color=&#8220;#7EBEC5&#8243; use_circle=&#8220;off&#8220; circle_color=&#8220;#7EBEC5&#8243; use_circle_border=&#8220;off&#8220; circle_border_color=&#8220;#7EBEC5&#8243; icon_placement=&#8220;top&#8220; animation=&#8220;top&#8220; background_layout=&#8220;light&#8220; text_orientation=&#8220;left&#8220; use_icon_font_size=&#8220;off&#8220; use_border_color=&#8220;off&#8220; border_color=&#8220;#ffffff&#8220; border_style=&#8220;solid&#8220;]<\/p>\n<p>Die Inhalte dieser Website werden mit gr\u00f6\u00dftm\u00f6glicher Sorgfalt erstellt. Der Anbieter \u00fcbernimmt jedoch keine Gew\u00e4hr f\u00fcr die Richtigkeit, Vollst\u00e4ndigkeit und Aktualit\u00e4t der bereitgestellten Inhalte. Die Nutzung der Inhalte der Website erfolgt auf eigene Gefahr des Nutzers.<\/p>\n<p>Namentlich gekennzeichnete Beitr\u00e4ge geben die Meinung des jeweiligen Autors und nicht immer die Meinung des Anbieters wieder. Mit der reinen Nutzung der Website des Anbieters kommt keinerlei Vertragsverh\u00e4ltnis zwischen dem Nutzer und dem Anbieter zustande.<\/p>\n<p>[\/et_pb_blurb][et_pb_blurb admin_label=&#8220;Text Externe Links&#8220; title=&#8220;2. Externe Links&#8220; url_new_window=&#8220;off&#8220; use_icon=&#8220;off&#8220; icon_color=&#8220;#7EBEC5&#8243; use_circle=&#8220;off&#8220; circle_color=&#8220;#7EBEC5&#8243; use_circle_border=&#8220;off&#8220; circle_border_color=&#8220;#7EBEC5&#8243; icon_placement=&#8220;top&#8220; animation=&#8220;top&#8220; background_layout=&#8220;light&#8220; text_orientation=&#8220;left&#8220; use_icon_font_size=&#8220;off&#8220; use_border_color=&#8220;off&#8220; border_color=&#8220;#ffffff&#8220; border_style=&#8220;solid&#8220;]<\/p>\n<p>Diese Website enth\u00e4lt Verkn\u00fcpfungen zu Websites Dritter (&#8222;externe Links&#8220;). Diese Websites unterliegen der Haftung der jeweiligen Betreiber. Der Anbieter hat bei der erstmaligen Verkn\u00fcpfung der externen Links die fremden Inhalte daraufhin \u00fcberpr\u00fcft, ob etwaige Rechtsverst\u00f6\u00dfe bestehen. Zu dem Zeitpunkt waren keine Rechtsverst\u00f6\u00dfe ersichtlich. Der Anbieter hat keinerlei Einfluss auf die aktuelle und zuk\u00fcnftige Gestaltung und auf die Inhalte der verkn\u00fcpften Seiten. Das Setzen von externen Links bedeutet nicht, dass sich der Anbieter die hinter dem Verweis oder Link liegenden Inhalte zu Eigen macht. Eine st\u00e4ndige Kontrolle der externen Links ist f\u00fcr den Anbieter ohne konkrete Hinweise auf Rechtsverst\u00f6\u00dfe nicht zumutbar. Bei Kenntnis von Rechtsverst\u00f6\u00dfen werden jedoch derartige externe Links unverz\u00fcglich gel\u00f6scht.<\/p>\n<p>[\/et_pb_blurb][et_pb_blurb admin_label=&#8220;Text Urheber- und Leistungsschutzrechte&#8220; title=&#8220;3. Urheber- und Leistungsschutzrechte&#8220; url_new_window=&#8220;off&#8220; use_icon=&#8220;off&#8220; icon_color=&#8220;#7EBEC5&#8243; use_circle=&#8220;off&#8220; circle_color=&#8220;#7EBEC5&#8243; use_circle_border=&#8220;off&#8220; circle_border_color=&#8220;#7EBEC5&#8243; icon_placement=&#8220;top&#8220; animation=&#8220;top&#8220; background_layout=&#8220;light&#8220; text_orientation=&#8220;left&#8220; use_icon_font_size=&#8220;off&#8220; use_border_color=&#8220;off&#8220; border_color=&#8220;#ffffff&#8220; border_style=&#8220;solid&#8220;]<\/p>\n<p>Die auf dieser Website ver\u00f6ffentlichten Inhalte unterliegen dem deutschen Urheber- und Leistungsschutzrecht. Jede vom deutschen Urheber- und Leistungsschutzrecht nicht zugelassene Verwertung bedarf der vorherigen schriftlichen Zustimmung des Anbieters oder jeweiligen Rechteinhabers. Dies gilt insbesondere f\u00fcr Vervielf\u00e4ltigung, Bearbeitung, \u00dcbersetzung, Einspeicherung, Verarbeitung bzw. Wiedergabe von Inhalten in Datenbanken oder anderen elektronischen Medien und Systemen. Inhalte und Rechte Dritter sind dabei als solche gekennzeichnet. Die unerlaubte Vervielf\u00e4ltigung oder Weitergabe einzelner Inhalte oder kompletter Seiten ist nicht gestattet und strafbar. Lediglich die Herstellung von Kopien und Downloads f\u00fcr den pers\u00f6nlichen, privaten und nicht kommerziellen Gebrauch ist erlaubt. Die Darstellung dieser Website in fremden Frames ist nur mit schriftlicher Erlaubnis zul\u00e4ssig.<\/p>\n<p>[\/et_pb_blurb][et_pb_divider admin_label=&#8220;Teiler&#8220; color=&#8220;#ffffff&#8220; show_divider=&#8220;off&#8220; height=&#8220;1&#8243;] [\/et_pb_divider][et_pb_blurb admin_label=&#8220;Informationstext&#8220; url_new_window=&#8220;off&#8220; use_icon=&#8220;off&#8220; icon_color=&#8220;#7EBEC5&#8243; use_circle=&#8220;off&#8220; circle_color=&#8220;#7EBEC5&#8243; use_circle_border=&#8220;off&#8220; circle_border_color=&#8220;#7EBEC5&#8243; icon_placement=&#8220;top&#8220; animation=&#8220;top&#8220; background_layout=&#8220;light&#8220; text_orientation=&#8220;left&#8220; use_icon_font_size=&#8220;off&#8220; use_border_color=&#8220;off&#8220; border_color=&#8220;#ffffff&#8220; border_style=&#8220;solid&#8220;]<\/p>\n<p>Quelle:\u00a0<a class=\"icon text link c2 noback\" href=\"http:\/\/www.juraforum.de\/\" target=\"_blank\" rel=\"noopener\">www.JuraForum.de<\/a><\/p>\n<p>[\/et_pb_blurb][\/et_pb_column][\/et_pb_row][\/et_pb_section]<\/p>\n","protected":false},"excerpt":{"rendered":"<p>Ringelheim c\/o Josef Gross Oststra\u00dfe 26, 31171 Nordstemmen E-Mail: fragmich [at] ringelheim-musik.de Jerolewitz EDV Schulung und Beratung Ralf Jerolewitz Steuernummer: 30\/120\/05112 E-Mail:\u00a0mail [at] jerolewitz.de Anschrift und Telefon Im Riethwinkel 10, 31171 Nordstemmen Telefon: 05069 96391 Telefax: 05069 96399 Ralf Jerolewitz Im Riethwinkel 10 31171 Nordstemmen Telefon:\u00a0[+49] 5069 96391 E-Mail: ralf [at] ringelheim-musik.de Design &amp; Umsetzung: [&hellip;]<\/p>\n","protected":false},"author":1,"featured_media":0,"parent":0,"menu_order":0,"comment_status":"closed","ping_status":"closed","template":"","meta":{"_et_pb_use_builder":"on","_et_pb_old_content":"","_et_gb_content_width":"","footnotes":""},"class_list":["post-252","page","type-page","status-publish","hentry"],"_links":{"self":[{"href":"https:\/\/ww3.jerolewitz.de\/ringelheim\/wp-json\/wp\/v2\/pages\/252","targetHints":{"allow":["GET"]}}],"collection":[{"href":"https:\/\/ww3.jerolewitz.de\/ringelheim\/wp-json\/wp\/v2\/pages"}],"about":[{"href":"https:\/\/ww3.jerolewitz.de\/ringelheim\/wp-json\/wp\/v2\/types\/page"}],"author":[{"embeddable":true,"href":"https:\/\/ww3.jerolewitz.de\/ringelheim\/wp-json\/wp\/v2\/users\/1"}],"replies":[{"embeddable":true,"href":"https:\/\/ww3.jerolewitz.de\/ringelheim\/wp-json\/wp\/v2\/comments?post=252"}],"version-history":[{"count":17,"href":"https:\/\/ww3.jerolewitz.de\/ringelheim\/wp-json\/wp\/v2\/pages\/252\/revisions"}],"predecessor-version":[{"id":4016,"href":"https:\/\/ww3.jerolewitz.de\/ringelheim\/wp-json\/wp\/v2\/pages\/252\/revisions\/4016"}],"wp:attachment":[{"href":"https:\/\/ww3.jerolewitz.de\/ringelheim\/wp-json\/wp\/v2\/media?parent=252"}],"curies":[{"name":"wp","href":"https:\/\/api.w.org\/{rel}","templated":true}]}}