{"id":2,"date":"2017-10-29T19:04:47","date_gmt":"2017-10-29T18:04:47","guid":{"rendered":"http:\/\/ww3.jerolewitz.de\/ringelheim\/?page_id=2"},"modified":"2018-01-19T09:13:41","modified_gmt":"2018-01-19T08:13:41","slug":"willkommen","status":"publish","type":"page","link":"https:\/\/ww3.jerolewitz.de\/ringelheim\/","title":{"rendered":"Willkommen"},"content":{"rendered":"<p>[et_pb_section admin_label=&#8220;section&#8220; fullwidth=&#8220;off&#8220; specialty=&#8220;off&#8220;][et_pb_row admin_label=&#8220;row&#8220;][et_pb_column type=&#8220;4_4&#8243;][et_pb_slider admin_label=&#8220;Slider&#8220; show_arrows=&#8220;on&#8220; show_pagination=&#8220;on&#8220; auto=&#8220;on&#8220; parallax=&#8220;off&#8220; auto_ignore_hover=&#8220;off&#8220; parallax_method=&#8220;off&#8220; remove_inner_shadow=&#8220;off&#8220; background_position=&#8220;default&#8220; background_size=&#8220;default&#8220; hide_content_on_mobile=&#8220;off&#8220; hide_cta_on_mobile=&#8220;off&#8220; show_image_video_mobile=&#8220;off&#8220; custom_button=&#8220;off&#8220; button_letter_spacing=&#8220;0&#8243; button_use_icon=&#8220;default&#8220; button_icon_placement=&#8220;right&#8220; button_on_hover=&#8220;on&#8220; button_letter_spacing_hover=&#8220;0&#8243;]<\/p>\n<p>[et_pb_slide heading=&#8220;Willkommen auf der Seite von Ringelheim&#8220; button_text=&#8220;Enter&#8220; button_link=&#8220;ww3.jerolewitz.de\/ringelheim\/#Enter&#8220; background_color=&#8220;#f7f7f7&#8243; alignment=&#8220;center&#8220; background_layout=&#8220;light&#8220; background_position=&#8220;default&#8220; background_size=&#8220;default&#8220; image=&#8220;http:\/\/ww3.jerolewitz.de\/ringelheim\/wp-content\/uploads\/sites\/6\/2017\/10\/Perso_Ringelheim_1a_640.png&#8220; use_bg_overlay=&#8220;off&#8220; use_text_overlay=&#8220;off&#8220; allow_player_pause=&#8220;off&#8220; text_border_radius=&#8220;3&#8243; header_font_select=&#8220;default&#8220; header_font=&#8220;||||&#8220; body_font_select=&#8220;default&#8220; body_font=&#8220;||||&#8220; custom_button=&#8220;off&#8220; button_font_select=&#8220;default&#8220; button_font=&#8220;||||&#8220; button_use_icon=&#8220;default&#8220; button_icon_placement=&#8220;right&#8220; button_on_hover=&#8220;on&#8220;]<\/p>\n<p>Ringelheim ist ein musikalisches Projekt, dass deutsche Rockmusik auf die B\u00fchne bringt!<\/p>\n<p>[\/et_pb_slide][et_pb_slide background_position=&#8220;default&#8220; background_size=&#8220;default&#8220; background_color=&#8220;#dd0000&#8243; image=&#8220;http:\/\/ww3.jerolewitz.de\/ringelheim\/wp-content\/uploads\/sites\/6\/2017\/10\/Perso_Ringelheim-3c.png&#8220; use_bg_overlay=&#8220;off&#8220; use_text_overlay=&#8220;off&#8220; alignment=&#8220;center&#8220; background_layout=&#8220;dark&#8220; allow_player_pause=&#8220;off&#8220; text_border_radius=&#8220;3&#8243; header_font_select=&#8220;default&#8220; header_font=&#8220;||||&#8220; body_font_select=&#8220;default&#8220; body_font=&#8220;||||&#8220; custom_button=&#8220;off&#8220; button_font_select=&#8220;default&#8220; button_font=&#8220;||||&#8220; button_use_icon=&#8220;default&#8220; button_icon_placement=&#8220;right&#8220; button_on_hover=&#8220;on&#8220; heading=&#8220;Willkommen auf der Seite von Ringelheim&#8220;] [\/et_pb_slide][et_pb_slide background_position=&#8220;default&#8220; background_size=&#8220;default&#8220; background_color=&#8220;#ffce00&#8243; image=&#8220;http:\/\/ww3.jerolewitz.de\/ringelheim\/wp-content\/uploads\/sites\/6\/2017\/10\/Perso_Ringelheim_1a_640.png&#8220; use_bg_overlay=&#8220;off&#8220; use_text_overlay=&#8220;off&#8220; alignment=&#8220;center&#8220; background_layout=&#8220;light&#8220; allow_player_pause=&#8220;off&#8220; text_border_radius=&#8220;3&#8243; header_font_select=&#8220;default&#8220; header_font=&#8220;||||&#8220; body_font_select=&#8220;default&#8220; body_font=&#8220;||||&#8220; custom_button=&#8220;off&#8220; button_font_select=&#8220;default&#8220; button_font=&#8220;||||&#8220; button_use_icon=&#8220;default&#8220; button_icon_placement=&#8220;right&#8220; button_on_hover=&#8220;on&#8220; heading=&#8220;Willkommen auf der Seite von Ringelheim&#8220;]<\/p>\n<p>Handgemachte Musik in deutscher Sprache<\/p>\n<p>[\/et_pb_slide]<\/p>\n<p>[\/et_pb_slider][\/et_pb_column][\/et_pb_row][\/et_pb_section][et_pb_section admin_label=&#8220;section&#8220; fullwidth=&#8220;on&#8220; specialty=&#8220;off&#8220; background_color=&#8220;#f7f7f7&#8243; inner_shadow=&#8220;on&#8220; parallax=&#8220;off&#8220;][et_pb_fullwidth_header admin_label=&#8220;Full Width Header&#8220; title=&#8220;Rockmusik in deutscher Sprache&#8220; background_layout=&#8220;dark&#8220; text_orientation=&#8220;center&#8220; header_fullscreen=&#8220;off&#8220; header_scroll_down=&#8220;off&#8220; parallax=&#8220;off&#8220; parallax_method=&#8220;off&#8220; content_orientation=&#8220;center&#8220; image_orientation=&#8220;center&#8220; custom_button_one=&#8220;off&#8220; button_one_letter_spacing=&#8220;0&#8243; button_one_use_icon=&#8220;default&#8220; button_one_icon_placement=&#8220;right&#8220; button_one_on_hover=&#8220;on&#8220; button_one_letter_spacing_hover=&#8220;0&#8243; custom_button_two=&#8220;off&#8220; button_two_letter_spacing=&#8220;0&#8243; button_two_use_icon=&#8220;default&#8220; button_two_icon_placement=&#8220;right&#8220; button_two_on_hover=&#8220;on&#8220; button_two_letter_spacing_hover=&#8220;0&#8243; background_color=&#8220;#4a5966&#8243;]<\/p>\n<p>&nbsp;<\/p>\n<p>[\/et_pb_fullwidth_header][\/et_pb_section][et_pb_section admin_label=&#8220;section&#8220; fullwidth=&#8220;off&#8220; specialty=&#8220;off&#8220; inner_shadow=&#8220;off&#8220; parallax=&#8220;off&#8220;][et_pb_row admin_label=&#8220;row&#8220;][et_pb_column type=&#8220;1_4&#8243;][et_pb_blurb admin_label=&#8220;Blurb&#8220; title=&#8220;Wir \u00fcber uns&#8220; url_new_window=&#8220;off&#8220; animation=&#8220;top&#8220; background_layout=&#8220;light&#8220; text_orientation=&#8220;center&#8220; use_icon=&#8220;on&#8220; font_icon=&#8220;%%79%%&#8220; icon_color=&#8220;#dd0000&#8243; use_circle=&#8220;on&#8220; circle_color=&#8220;#ffffff&#8220; use_circle_border=&#8220;on&#8220; circle_border_color=&#8220;#e0e0e0&#8243; icon_placement=&#8220;top&#8220; use_icon_font_size=&#8220;off&#8220; use_border_color=&#8220;off&#8220; border_color=&#8220;#ffffff&#8220; border_style=&#8220;solid&#8220; url=&#8220;http:\/\/ww3.jerolewitz.de\/ringelheim\/wir-ueber-uns\/&#8220;] [\/et_pb_blurb][\/et_pb_column][et_pb_column type=&#8220;1_4&#8243;][et_pb_blurb admin_label=&#8220;Blurb&#8220; title=&#8220;Termine und Ereignisse&#8220; url_new_window=&#8220;off&#8220; animation=&#8220;top&#8220; background_layout=&#8220;light&#8220; text_orientation=&#8220;center&#8220; use_icon=&#8220;on&#8220; font_icon=&#8220;\ue01d&#8220; icon_color=&#8220;#ffce00&#8243; use_circle=&#8220;on&#8220; circle_color=&#8220;#ffffff&#8220; use_circle_border=&#8220;on&#8220; circle_border_color=&#8220;#e0e0e0&#8243; icon_placement=&#8220;top&#8220; use_icon_font_size=&#8220;off&#8220; use_border_color=&#8220;off&#8220; border_color=&#8220;#ffffff&#8220; border_style=&#8220;solid&#8220; url=&#8220;http:\/\/ww3.jerolewitz.de\/ringelheim\/ereignisse\/&#8220;]<br \/>\n[\/et_pb_blurb][\/et_pb_column][et_pb_column type=&#8220;1_4&#8243;][et_pb_blurb admin_label=&#8220;Blurb&#8220; title=&#8220;Beitr\u00e4ge und Nachrichten&#8220; url_new_window=&#8220;off&#8220; animation=&#8220;top&#8220; background_layout=&#8220;light&#8220; text_orientation=&#8220;center&#8220; use_icon=&#8220;on&#8220; font_icon=&#8220;v&#8220; icon_color=&#8220;#dd0000&#8243; use_circle=&#8220;on&#8220; circle_color=&#8220;#ffffff&#8220; use_circle_border=&#8220;on&#8220; circle_border_color=&#8220;#e0e0e0&#8243; icon_placement=&#8220;top&#8220; use_icon_font_size=&#8220;off&#8220; use_border_color=&#8220;off&#8220; border_color=&#8220;#ffffff&#8220; border_style=&#8220;solid&#8220;]<\/p>\n<p>&nbsp;<\/p>\n<p>[\/et_pb_blurb][\/et_pb_column][et_pb_column type=&#8220;1_4&#8243;][et_pb_blurb admin_label=&#8220;Medien&#8220; title=&#8220;H\u00f6ren und sehen&#8220; url_new_window=&#8220;off&#8220; animation=&#8220;top&#8220; background_layout=&#8220;light&#8220; text_orientation=&#8220;center&#8220; use_icon=&#8220;on&#8220; font_icon=&#8220;g&#8220; icon_color=&#8220;#ffce00&#8243; use_circle=&#8220;on&#8220; circle_color=&#8220;#ffffff&#8220; use_circle_border=&#8220;on&#8220; circle_border_color=&#8220;#e0e0e0&#8243; icon_placement=&#8220;top&#8220; use_icon_font_size=&#8220;off&#8220; use_border_color=&#8220;off&#8220; border_color=&#8220;#ffffff&#8220; border_style=&#8220;solid&#8220; url=&#8220;http:\/\/ww3.jerolewitz.de\/ringelheim\/medien\/&#8220;]<\/p>\n<p>&nbsp;<\/p>\n<p>[\/et_pb_blurb][\/et_pb_column][\/et_pb_row][et_pb_row admin_label=&#8220;row&#8220;][et_pb_column type=&#8220;4_4&#8243;][et_pb_cta admin_label=&#8220;Call To Action&#8220; title=&#8220;Nimm Kontakt mit uns auf!&#8220; button_url=&#8220;http:\/\/ww3.jerolewitz.de\/ringelheim\/kontakt\/&#8220; button_text=&#8220;Kontakt&#8220; background_color=&#8220;#446d8c&#8220; use_background_color=&#8220;on&#8220; background_layout=&#8220;dark&#8220; text_orientation=&#8220;center&#8220; url_new_window=&#8220;off&#8220; use_border_color=&#8220;off&#8220; border_color=&#8220;#ffffff&#8220; border_style=&#8220;solid&#8220; custom_button=&#8220;off&#8220; button_letter_spacing=&#8220;0&#8243; button_use_icon=&#8220;default&#8220; button_icon_placement=&#8220;right&#8220; button_on_hover=&#8220;on&#8220; button_letter_spacing_hover=&#8220;0&#8243;]<\/p>\n<p>Hier kannst du uns schreiben f\u00fcr Buchungs- und Terminanfragen, Reservierungen oder sonstigem Krams&#8230;<\/p>\n<p>[\/et_pb_cta][\/et_pb_column][\/et_pb_row][\/et_pb_section]<\/p>\n","protected":false},"excerpt":{"rendered":"<p>Ringelheim ist ein musikalisches Projekt, dass deutsche Rockmusik auf die B\u00fchne bringt! Handgemachte Musik in deutscher Sprache &nbsp; &nbsp; &nbsp; Hier kannst du uns schreiben f\u00fcr Buchungs- und Terminanfragen, Reservierungen oder sonstigem Krams&#8230;<\/p>\n","protected":false},"author":5,"featured_media":0,"parent":0,"menu_order":0,"comment_status":"closed","ping_status":"open","template":"","meta":{"_et_pb_use_builder":"on","_et_pb_old_content":"<p>Dies ist eine Beispiel-Seite. Sie unterscheidet sich von Beitr\u00e4gen, da sie stets an der selben Stelle bleibt und (bei den meisten Themes) in der Navigation angezeigt wird. Die meisten Leute starten mit einem Impressum oder einer \u201e\u00dcber uns\u201c-Seite mit einer Vorstellung f\u00fcr m\u00f6gliche Besucher der Website. Dort k\u00f6nnte zum Beispiel stehen:<\/p><blockquote><p>Hallo! Tags\u00fcber arbeite ich als Fahrradkurier, nachts bin ich ein aufstrebender Schauspieler und dies hier ist meine Website. Ich lebe in Berlin, habe einen gro\u00dfen Hund namens Jack, mag Pi\u00f1a Coladas, jedoch weniger (ohne Schirm) im Regen stehen gelassen zu werden.<\/p><\/blockquote><p>...oder sowas wie:<\/p><blockquote><p>Unsere Firma XYZ wurde 1971 gegr\u00fcndet und hat seither eine Menge hochqualitativen ABC f\u00fcr die \u00d6ffentlichkeit produziert. Ans\u00e4ssig in Gotham City, hat XYZ mittlerweile \u00fcber 2,000 Mitarbeiter und entwickelt immer wieder gro\u00dfartige Dinge f\u00fcr die ganze Gotham Gemeinschaft.<\/p><\/blockquote><p>Als neuer WordPress-Nutzer solltest du das <a href=\"http:\/\/ww3.jerolewitz.de\/ringelheim\/wp-admin\/\">Dashboard<\/a> aufrufen, um diese Seite zu l\u00f6schen und statt dessen eine neue Seite mit deinen eigenen Inhalten erstellen. Viel Spa\u00df!<\/p>","_et_gb_content_width":"","footnotes":""},"class_list":["post-2","page","type-page","status-publish","hentry"],"_links":{"self":[{"href":"https:\/\/ww3.jerolewitz.de\/ringelheim\/wp-json\/wp\/v2\/pages\/2","targetHints":{"allow":["GET"]}}],"collection":[{"href":"https:\/\/ww3.jerolewitz.de\/ringelheim\/wp-json\/wp\/v2\/pages"}],"about":[{"href":"https:\/\/ww3.jerolewitz.de\/ringelheim\/wp-json\/wp\/v2\/types\/page"}],"author":[{"embeddable":true,"href":"https:\/\/ww3.jerolewitz.de\/ringelheim\/wp-json\/wp\/v2\/users\/5"}],"replies":[{"embeddable":true,"href":"https:\/\/ww3.jerolewitz.de\/ringelheim\/wp-json\/wp\/v2\/comments?post=2"}],"version-history":[{"count":46,"href":"https:\/\/ww3.jerolewitz.de\/ringelheim\/wp-json\/wp\/v2\/pages\/2\/revisions"}],"predecessor-version":[{"id":4188,"href":"https:\/\/ww3.jerolewitz.de\/ringelheim\/wp-json\/wp\/v2\/pages\/2\/revisions\/4188"}],"wp:attachment":[{"href":"https:\/\/ww3.jerolewitz.de\/ringelheim\/wp-json\/wp\/v2\/media?parent=2"}],"curies":[{"name":"wp","href":"https:\/\/api.w.org\/{rel}","templated":true}]}}